{"id":2042,"date":"2015-07-20T07:13:17","date_gmt":"2015-07-20T07:13:17","guid":{"rendered":"https:\/\/grenzenzeigen.de\/willkommen\/"},"modified":"2023-03-08T13:20:54","modified_gmt":"2023-03-08T13:20:54","slug":"willkommen","status":"publish","type":"page","link":"https:\/\/grenzenzeigen.de\/ez\/","title":{"rendered":"Hallo."},"content":{"rendered":"\n<div class=\"wp-block-stackable-columns stk-block-columns stk-block stk-f538826\" data-block-id=\"f538826\"><div class=\"stk-row stk-inner-blocks stk-block-content stk-content-align stk-f538826-column\">\n<div class=\"wp-block-stackable-column stk-block-column stk-block-column--v3 stk-column stk-block-column--v2 stk-block stk-8f8aa62\" data-block-id=\"8f8aa62\"><div class=\"stk-column-wrapper stk-block-column__content stk-container stk-8f8aa62-container stk--no-background stk--no-padding\"><div class=\"stk-block-content stk-inner-blocks stk-8f8aa62-inner-blocks\">\n<p>Das ist die Kinderseite des Bistums Trier zum Thema Pr&auml;vention. Pr&auml;vention hei&szlig;t &bdquo;Vorbeugen&ldquo; oder &bdquo;Verhindern&ldquo;. Wir wollen Gewalt gegen Kinder verhindern. Und wir wollen Kinder stark machen. Weil wir glauben: Wenn Kinder ihre Rechte kennen, k&ouml;nnen sie sich besser gegen b&ouml;se Menschen wehren. Und wir wollen Kindern helfen, die Gewalt erleben.     <\/p>\n\n\n\n<p>Brauchst du Hilfe? Auf der Seite Hilfsangebote findest du Adressen in deiner N&auml;he, Telefonnummern und Links.  <\/p>\n\n\n\n<p>Hier gibt es viele Informationen rund um Gewalt. Zum Beispiel beschreiben wir die Gef&uuml;hle von Kindern, die Gewalt erleben. Vielleicht erkennst du dich oder eine Freundin oder einen Freund in der Beschreibung. Dann kannst du dich an die Hilfsangebote wenden. Das geht auch online, zum Beispiel per E-Mail oder Chat. Deinen Namen musst du bei der Beratung nicht verraten.      <\/p>\n\n\n\n<p>Viel Spa&szlig; beim Umschauen<br>Dein Team von <em>grenzenzeigen.de<\/em><\/p>\n\n\n\n<p><\/p>\n<\/div><\/div><\/div>\n\n\n\n<div class=\"wp-block-stackable-column stk-block-column stk-block-column--v3 stk-column stk-block-column--v2 stk-block stk-8718579\" data-block-id=\"8718579\"><div class=\"stk-column-wrapper stk-block-column__content stk-container stk-8718579-container stk--no-background stk--no-padding\"><div class=\"stk-block-content stk-inner-blocks stk-8718579-inner-blocks\"><div class=\"align wp-block-bpmp-mp3-player\" id=\"bpmpMP3Player-2\" data-attributes='{\"cId\":\"eaba2a62-0\",\"audioProperties\":[{\"title\":\"Kinderrechte\",\"artist\":\"erkl\\u00e4rt von Kindern\",\"cover\":{\"id\":1804,\"url\":\"https:\\\/\\\/grenzenzeigen.de\\\/wp-content\\\/uploads\\\/2023\\\/03\\\/grenzenzeigen-illustrationen-cover-podcast.jpg\",\"alt\":\"\",\"title\":\"grenzenzeigen-illustrationen-cover-podcast\"},\"audio\":{\"id\":1802,\"url\":\"https:\\\/\\\/grenzenzeigen.de\\\/wp-content\\\/uploads\\\/2023\\\/03\\\/kindererklaerenkinderrechte.mp3\",\"alt\":\"\",\"title\":\"kindererklaerenkinderrechte\"}}],\"align\":\"\",\"lite\":{\"btnText\":\"See More Music\"},\"options\":{\"theme\":\"default\",\"isAutoPlay\":false,\"isLoop\":false,\"seeMoreThreshold\":5},\"elements\":{\"thumb\":true,\"navigation\":true,\"backword\":true,\"forward\":true,\"customStop\":true,\"currentTime\":true,\"totalTime\":true,\"volume\":true,\"playbackSpeed\":true,\"download\":true},\"style\":{\"height\":{\"desktop\":\"\",\"tablet\":\"\",\"mobile\":\"\"},\"title\":{\"typo\":{\"fontSize\":{\"desktop\":32,\"tablet\":26,\"mobile\":23},\"fontWeight\":600},\"colors\":[]},\"artist\":{\"typo\":{\"fontSize\":{\"desktop\":22.4,\"tablet\":20,\"mobile\":18},\"fontWeight\":500},\"opacity\":1,\"colors\":{\"color\":\"#000\"}},\"thumbnail\":{\"width\":{\"desktop\":\"100%\",\"tablet\":\"\",\"mobile\":\"\"},\"sliderHeight\":{\"desktop\":\"\",\"tablet\":\"\",\"mobile\":\"\"},\"border\":{\"width\":\"\",\"style\":\"\",\"color\":\"\"},\"radius\":{\"top\":\"16px\",\"right\":\"16px\",\"bottom\":\"16px\",\"left\":\"16px\"}},\"range\":{\"input\":{\"width\":{\"desktop\":\"100%\",\"tablet\":\"100%\",\"mobile\":\"100%\"},\"height\":\"4px\",\"radius\":{\"top\":\"8px\",\"right\":\"8px\",\"bottom\":\"8px\",\"left\":\"8px\"},\"color\":\"rgba(0, 0, 0, .2)\",\"progressColor\":\"#000\"},\"thumb\":{\"width\":\"16px\",\"color\":\"#EE714B\",\"shadow\":[],\"outline\":{\"width\":\"4px\",\"style\":\"solid\",\"color\":\"white\"},\"radius\":\"50%\"}},\"controls\":{\"size\":\"45px\",\"playPauseSize\":\"60px\",\"colors\":{\"color\":\"#a0a0a0\",\"bg\":\"#0000\"},\"hovColors\":{\"color\":\"#9c9c9c\",\"bg\":\"#d8d8d8\"},\"playPauseColors\":{\"color\":\"#fff\",\"bg\":\"#000\"},\"playPauseHovColors\":{\"color\":\"#fff\",\"bg\":\"#4c4343\"},\"border\":[],\"hovBorder\":[]},\"time\":{\"typo\":{\"fontSize\":{\"desktop\":22.4,\"tablet\":18,\"mobile\":15}},\"colors\":{\"color\":\"#111\",\"bg\":\"#0000\"},\"radius\":\"50px\"},\"playlist\":{\"colors\":{\"bg\":\"#F9F9F9\",\"color\":\"#111111\"},\"activeColors\":{\"bg\":\"#913535\",\"color\":\"#FFFFFF\"},\"seeMoreMusicBtncolors\":{\"bg\":\"#4527a4\",\"color\":\"#fff\"},\"border\":[],\"radius\":\"5px\"},\"waveColors\":{\"normal\":\"#4527a4\",\"lite\":\"#ab98e7\"},\"cardTheme\":{\"waveTop\":{\"desktop\":-130,\"tablet\":-130,\"mobile\":-160},\"wave2Top\":{\"desktop\":-130,\"tablet\":-130,\"mobile\":-160},\"wave3Top\":{\"desktop\":-130,\"tablet\":-130,\"mobile\":-160}}},\"width\":\"290px\",\"widthTab\":\"\",\"widthMob\":\"\",\"alignment\":\"center\",\"alignmentTab\":\"center\",\"alignmentMob\":\"center\",\"advanced\":{\"dimension\":{\"padding\":{\"desktop\":{\"top\":\"16px\",\"right\":\"32px\",\"bottom\":\"16px\",\"left\":\"32px\"},\"tablet\":{\"top\":\"\",\"right\":\"\",\"bottom\":\"\",\"left\":\"\"},\"mobile\":{\"top\":\"\",\"right\":\"\",\"bottom\":\"\",\"left\":\"\"}}},\"borderShadow\":{\"normal\":{\"border\":{\"width\":\"\",\"style\":\"\",\"color\":\"\"},\"radius\":{\"top\":\"16px\",\"right\":\"16px\",\"bottom\":\"16px\",\"left\":\"16px\"},\"shadow\":[{\"hOffset\":\"0px\",\"vOffset\":\"0px\",\"blur\":\"8px\",\"color\":\"rgba(0, 0, 0, .4)\"}]}},\"background\":{\"normal\":{\"color\":\"\"}}},\"ifso_condition_type\":\"\",\"ifso_default_exists\":false,\"ifso_default_content\":\"\",\"ifso_render_with_ajax\":\"same-as-global\",\"ajax_loader_type\":\"same-as-global\"}'><\/div>\n\n\n<div style=\"height:100px\" aria-hidden=\"true\" class=\"wp-block-spacer\"><\/div>\n\n\n\n<div class=\"wp-block-stackable-image stk-block-image stk-block stk-1315733\" data-block-id=\"1315733\"><figure class=\"stk-img-wrapper stk-image--shape-stretch\"><img decoding=\"async\" class=\"stk-img wp-image-1797 lazyload\" data-src=\"https:\/\/grenzenzeigen.de\/wp-content\/uploads\/2023\/03\/Du-hast-Rechte.-Lern-sie-kennen.jpg\" width=\"1107\" height=\"1107\" data-srcset=\"https:\/\/grenzenzeigen.de\/wp-content\/uploads\/2023\/03\/Du-hast-Rechte.-Lern-sie-kennen.jpg 1107w, https:\/\/grenzenzeigen.de\/wp-content\/uploads\/2023\/03\/Du-hast-Rechte.-Lern-sie-kennen-300x300.jpg 300w, https:\/\/grenzenzeigen.de\/wp-content\/uploads\/2023\/03\/Du-hast-Rechte.-Lern-sie-kennen-1024x1024.jpg 1024w, https:\/\/grenzenzeigen.de\/wp-content\/uploads\/2023\/03\/Du-hast-Rechte.-Lern-sie-kennen-70x70.jpg 70w, https:\/\/grenzenzeigen.de\/wp-content\/uploads\/2023\/03\/Du-hast-Rechte.-Lern-sie-kennen-768x768.jpg 768w, https:\/\/grenzenzeigen.de\/wp-content\/uploads\/2023\/03\/Du-hast-Rechte.-Lern-sie-kennen-600x600.jpg 600w\" data-sizes=\"(max-width: 1107px) 100vw, 1107px\" src=\"data:image\/svg+xml;base64,PHN2ZyB3aWR0aD0iMSIgaGVpZ2h0PSIxIiB4bWxucz0iaHR0cDovL3d3dy53My5vcmcvMjAwMC9zdmciPjwvc3ZnPg==\" style=\"--smush-placeholder-width: 1107px; --smush-placeholder-aspect-ratio: 1107\/1107;\"><\/figure><\/div>\n<\/div><\/div><\/div>\n<\/div><\/div>\n","protected":false},"excerpt":{"rendered":"<p>Das ist die Kinderseite des Bistums Trier zum Thema Pr\u00e4vention. Pr\u00e4vention hei\u00dft \u201eVorbeugen\u201c oder \u201eVerhindern\u201c. Wir wollen Gewalt gegen Kinder verhindern. Und wir wollen Kinder stark machen. Weil wir glauben: Wenn Kinder ihre Rechte kennen, k\u00f6nnen sie sich besser gegen b\u00f6se Menschen wehren. Und wir wollen Kindern helfen, die Gewalt erleben. Brauchst du Hilfe? Auf &#8230; <a title=\"Hallo.\" class=\"read-more\" href=\"https:\/\/grenzenzeigen.de\/ez\/\" aria-label=\"Read more about Hallo.\">Read more<\/a><\/p>\n","protected":false},"author":2,"featured_media":0,"parent":0,"menu_order":0,"comment_status":"closed","ping_status":"closed","template":"","meta":{"footnotes":""},"class_list":["post-2042","page","type-page","status-publish"],"featured_image_urls_v2":{"full":"","thumbnail":"","medium":"","medium_large":"","large":"","gs-tiny":"","xl":"","xxl":"","xxxl":"","xxxxl":"","xxxxxl":"","1536x1536":"","2048x2048":""},"post_excerpt_stackable_v2":"<p>Das ist die Kinderseite des Bistums Trier zum Thema Pr&auml;vention. Pr&auml;vention hei&szlig;t &bdquo;Vorbeugen&ldquo; oder &bdquo;Verhindern&ldquo;. Wir wollen Gewalt gegen Kinder verhindern. Und wir wollen Kinder stark machen. Weil wir glauben: Wenn Kinder ihre Rechte kennen, k&ouml;nnen sie sich besser gegen b&ouml;se Menschen wehren. Und wir wollen Kindern helfen, die Gewalt erleben. Brauchst du Hilfe? Auf der Seite Hilfsangebote findest du Adressen in deiner N&auml;he, Telefonnummern und Links. Hier gibt es viele Informationen rund um Gewalt. Zum Beispiel beschreiben wir die Gef&uuml;hle von Kindern, die Gewalt erleben. Vielleicht erkennst du dich oder eine Freundin oder einen Freund in der Beschreibung. Dann&hellip;<\/p>\n","category_list_v2":"","author_info_v2":{"name":"Eva R\u00f6mheld","url":"#"},"comments_num_v2":"0 comments","jetpack_sharing_enabled":true,"_links":{"self":[{"href":"https:\/\/grenzenzeigen.de\/ez\/wp-json\/wp\/v2\/pages\/2042","targetHints":{"allow":["GET"]}}],"collection":[{"href":"https:\/\/grenzenzeigen.de\/ez\/wp-json\/wp\/v2\/pages"}],"about":[{"href":"https:\/\/grenzenzeigen.de\/ez\/wp-json\/wp\/v2\/types\/page"}],"author":[{"embeddable":true,"href":"https:\/\/grenzenzeigen.de\/ez\/wp-json\/wp\/v2\/users\/2"}],"replies":[{"embeddable":true,"href":"https:\/\/grenzenzeigen.de\/ez\/wp-json\/wp\/v2\/comments?post=2042"}],"version-history":[{"count":3,"href":"https:\/\/grenzenzeigen.de\/ez\/wp-json\/wp\/v2\/pages\/2042\/revisions"}],"predecessor-version":[{"id":2045,"href":"https:\/\/grenzenzeigen.de\/ez\/wp-json\/wp\/v2\/pages\/2042\/revisions\/2045"}],"wp:attachment":[{"href":"https:\/\/grenzenzeigen.de\/ez\/wp-json\/wp\/v2\/media?parent=2042"}],"curies":[{"name":"wp","href":"https:\/\/api.w.org\/{rel}","templated":true}]}}