{"id":2050,"date":"2023-03-08T11:04:22","date_gmt":"2023-03-08T11:04:22","guid":{"rendered":"https:\/\/grenzenzeigen.de\/kinder-haben-rechte\/kinder-erklaeren-kinderrechte\/"},"modified":"2023-03-08T19:16:12","modified_gmt":"2023-03-08T19:16:12","slug":"kinder-erklaeren-kinderrechte","status":"publish","type":"page","link":"https:\/\/grenzenzeigen.de\/ez\/kinder-haben-rechte\/kinder-erklaeren-kinderrechte\/","title":{"rendered":"Kinder erkl\u00e4ren Kinderrechte"},"content":{"rendered":"\n<div class=\"wp-block-stackable-columns stk-block-columns stk-block stk-417c4dc\" data-block-id=\"417c4dc\"><div class=\"stk-row stk-inner-blocks stk-block-content stk-content-align stk-417c4dc-column\">\n<div class=\"wp-block-stackable-column stk-block-column stk-block-column--v3 stk-column stk-block-column--v2 stk-block stk-087ae75\" data-block-id=\"087ae75\"><style>.stk-087ae75-inner-blocks{justify-content:center !important}.stk-087ae75-container{display:flex !important;flex-direction:column !important}<\/style><div class=\"stk-column-wrapper stk-block-column__content stk-container stk-087ae75-container stk--no-background stk--no-padding\"><div class=\"stk-block-content stk-inner-blocks stk-087ae75-inner-blocks\">\n<p>Im Rahmen der Kinderrechte Tage 2022 in Trier, haben wir Kinder gefragt: Was sind eigentlich Kinderrechte? Die Antworten k&ouml;nnt ihr in diesem Podcast h&ouml;ren.<\/p>\n<\/div><\/div><\/div>\n\n\n\n<div class=\"wp-block-stackable-column stk-block-column stk-block-column--v3 stk-column stk-block-column--v2 stk-block stk-03f8c94\" data-block-id=\"03f8c94\"><div class=\"stk-column-wrapper stk-block-column__content stk-container stk-03f8c94-container stk--no-background stk--no-padding\"><div class=\"stk-block-content stk-inner-blocks stk-03f8c94-inner-blocks\"><div class=\"align wp-block-bpmp-mp3-player\" id=\"bpmpMP3Player-2\" data-attributes='{\"cId\":\"161aa2fd-8\",\"audioProperties\":[{\"title\":\"Kinderrechte\",\"artist\":\"erkl\\u00e4rt von Kindern\",\"cover\":{\"id\":1804,\"url\":\"https:\\\/\\\/grenzenzeigen.de\\\/wp-content\\\/uploads\\\/2023\\\/03\\\/grenzenzeigen-illustrationen-cover-podcast.jpg\",\"alt\":\"\",\"title\":\"grenzenzeigen-illustrationen-cover-podcast\"},\"audio\":{\"id\":1802,\"url\":\"https:\\\/\\\/grenzenzeigen.de\\\/wp-content\\\/uploads\\\/2023\\\/03\\\/kindererklaerenkinderrechte.mp3\",\"alt\":\"\",\"title\":\"kindererklaerenkinderrechte\"}}],\"align\":\"\",\"lite\":{\"btnText\":\"See More Music\"},\"options\":{\"theme\":\"default\",\"isAutoPlay\":false,\"isLoop\":false,\"seeMoreThreshold\":5},\"elements\":{\"thumb\":true,\"navigation\":true,\"backword\":true,\"forward\":true,\"customStop\":true,\"currentTime\":true,\"totalTime\":true,\"volume\":true,\"playbackSpeed\":true,\"download\":true},\"style\":{\"height\":{\"desktop\":\"\",\"tablet\":\"\",\"mobile\":\"\"},\"title\":{\"typo\":{\"fontSize\":{\"desktop\":32,\"tablet\":26,\"mobile\":23},\"fontWeight\":600},\"colors\":[]},\"artist\":{\"typo\":{\"fontSize\":{\"desktop\":22.4,\"tablet\":20,\"mobile\":18},\"fontWeight\":500},\"opacity\":1,\"colors\":{\"color\":\"#000\"}},\"thumbnail\":{\"width\":{\"desktop\":\"100%\",\"tablet\":\"\",\"mobile\":\"\"},\"sliderHeight\":{\"desktop\":\"\",\"tablet\":\"\",\"mobile\":\"\"},\"border\":{\"width\":\"\",\"style\":\"\",\"color\":\"\"},\"radius\":{\"top\":\"16px\",\"right\":\"16px\",\"bottom\":\"16px\",\"left\":\"16px\"}},\"range\":{\"input\":{\"width\":{\"desktop\":\"100%\",\"tablet\":\"100%\",\"mobile\":\"100%\"},\"height\":\"4px\",\"radius\":{\"top\":\"8px\",\"right\":\"8px\",\"bottom\":\"8px\",\"left\":\"8px\"},\"color\":\"rgba(0, 0, 0, .2)\",\"progressColor\":\"#000\"},\"thumb\":{\"width\":\"16px\",\"color\":\"#EE714B\",\"shadow\":[],\"outline\":{\"width\":\"4px\",\"style\":\"solid\",\"color\":\"white\"},\"radius\":\"50%\"}},\"controls\":{\"size\":\"45px\",\"playPauseSize\":\"60px\",\"colors\":{\"color\":\"#a0a0a0\",\"bg\":\"#0000\"},\"hovColors\":{\"color\":\"#9c9c9c\",\"bg\":\"#d8d8d8\"},\"playPauseColors\":{\"color\":\"#fff\",\"bg\":\"#000\"},\"playPauseHovColors\":{\"color\":\"#fff\",\"bg\":\"#4c4343\"},\"border\":[],\"hovBorder\":[]},\"time\":{\"typo\":{\"fontSize\":{\"desktop\":22.4,\"tablet\":18,\"mobile\":15}},\"colors\":{\"color\":\"#111\",\"bg\":\"#0000\"},\"radius\":\"50px\"},\"playlist\":{\"colors\":{\"bg\":\"#F9F9F9\",\"color\":\"#111111\"},\"activeColors\":{\"bg\":\"#913535\",\"color\":\"#FFFFFF\"},\"seeMoreMusicBtncolors\":{\"bg\":\"#4527a4\",\"color\":\"#fff\"},\"border\":[],\"radius\":\"5px\"},\"waveColors\":{\"normal\":\"#4527a4\",\"lite\":\"#ab98e7\"},\"cardTheme\":{\"waveTop\":{\"desktop\":-130,\"tablet\":-130,\"mobile\":-160},\"wave2Top\":{\"desktop\":-130,\"tablet\":-130,\"mobile\":-160},\"wave3Top\":{\"desktop\":-130,\"tablet\":-130,\"mobile\":-160}}},\"width\":\"290px\",\"widthTab\":\"\",\"widthMob\":\"\",\"alignment\":\"center\",\"alignmentTab\":\"center\",\"alignmentMob\":\"center\",\"advanced\":{\"dimension\":{\"padding\":{\"desktop\":{\"top\":\"16px\",\"right\":\"32px\",\"bottom\":\"16px\",\"left\":\"32px\"},\"tablet\":{\"top\":\"\",\"right\":\"\",\"bottom\":\"\",\"left\":\"\"},\"mobile\":{\"top\":\"\",\"right\":\"\",\"bottom\":\"\",\"left\":\"\"}}},\"borderShadow\":{\"normal\":{\"border\":{\"width\":\"\",\"style\":\"\",\"color\":\"\"},\"radius\":{\"top\":\"16px\",\"right\":\"16px\",\"bottom\":\"16px\",\"left\":\"16px\"},\"shadow\":[{\"hOffset\":\"0px\",\"vOffset\":\"0px\",\"blur\":\"8px\",\"color\":\"rgba(0, 0, 0, .4)\"}]}},\"background\":{\"normal\":{\"color\":\"\"}}},\"ifso_condition_type\":\"\",\"ifso_default_exists\":false,\"ifso_default_content\":\"\",\"ifso_render_with_ajax\":\"same-as-global\",\"ajax_loader_type\":\"same-as-global\"}'><\/div><\/div><\/div><\/div>\n<\/div><\/div>\n\n<div class=\"wp-block-stackable-button-group stk-block-button-group stk-block stk-a4aa67e\" data-block-id=\"a4aa67e\"><style>.stk-a4aa67e .stk-block-button,.stk-a4aa67e .stk-block-icon-button{flex:1 !important}.stk-a4aa67e .stk-block-icon-button .stk-button{width:100% !important}<\/style><div class=\"stk-row stk-inner-blocks stk-block-content stk-button-group\">\n<div class=\"wp-block-stackable-button stk-block-button is-style-ghost stk-block stk-cda2e5c\" data-block-id=\"cda2e5c\"><style>.stk-cda2e5c .stk-button{background:transparent !important}.stk-cda2e5c .stk-button:hover:after{background:transparent !important;opacity:1 !important}:where(.stk-hover-parent:hover,.stk-hover-parent.stk--is-hovered) .stk-cda2e5c .stk-button:after{background:transparent !important;opacity:1 !important}.stk-cda2e5c .stk-button:before{border-style:solid !important;border-color:var(--accent) !important}.stk-cda2e5c .stk-button .stk--inner-svg svg:last-child,.stk-cda2e5c .stk-button .stk--inner-svg svg:last-child :is(g,path,rect,polygon,ellipse){fill:var(--accent) !important}.stk-cda2e5c .stk-button__inner-text{color:var(--accent) !important}<\/style><a class=\"stk-link stk-button stk--hover-effect-darken\" href=\"https:\/\/grenzenzeigen.de\/ez\/kinder-haben-rechte\/kennst-du-deine-rechte\/\"><span class=\"stk--svg-wrapper\"><div class=\"stk--inner-svg\"><svg xmlns=\"http:\/\/www.w3.org\/2000\/svg\" aria-hidden=\"true\" focusable=\"false\" data-prefix=\"fas\" data-icon=\"question\" class=\"svg-inline--fa fa-question fa-w-12\" viewbox=\"0 0 384 512\" width=\"32\" height=\"32\"><path fill=\"currentColor\" d=\"M202.021 0C122.202 0 70.503 32.703 29.914 91.026c-7.363 10.58-5.093 25.086 5.178 32.874l43.138 32.709c10.373 7.865 25.132 6.026 33.253-4.148 25.049-31.381 43.63-49.449 82.757-49.449 30.764 0 68.816 19.799 68.816 49.631 0 22.552-18.617 34.134-48.993 51.164-35.423 19.86-82.299 44.576-82.299 106.405V320c0 13.255 10.745 24 24 24h72.471c13.255 0 24-10.745 24-24v-5.773c0-42.86 125.268-44.645 125.268-160.627C377.504 66.256 286.902 0 202.021 0zM192 373.459c-38.196 0-69.271 31.075-69.271 69.271 0 38.195 31.075 69.27 69.271 69.27s69.271-31.075 69.271-69.271-31.075-69.27-69.271-69.27z\"><\/path><\/svg><\/div><\/span><span class=\"has-text-color stk-button__inner-text\">Quiz: Kennst du deine Rechte?<\/span><\/a><\/div>\n\n\n\n<div class=\"wp-block-stackable-button stk-block-button is-style-ghost stk-block stk-a3353f8\" data-block-id=\"a3353f8\"><style>.stk-a3353f8 .stk-button{background:transparent !important}.stk-a3353f8 .stk-button:hover:after{background:transparent !important;opacity:1 !important}:where(.stk-hover-parent:hover,.stk-hover-parent.stk--is-hovered) .stk-a3353f8 .stk-button:after{background:transparent !important;opacity:1 !important}.stk-a3353f8 .stk-button:before{border-style:solid !important;border-color:var(--accent) !important}.stk-a3353f8 .stk-button .stk--inner-svg svg:last-child,.stk-a3353f8 .stk-button .stk--inner-svg svg:last-child :is(g,path,rect,polygon,ellipse){fill:var(--accent) !important}.stk-a3353f8 .stk-button__inner-text{color:var(--accent) !important}<\/style><a class=\"stk-link stk-button stk--hover-effect-darken\" href=\"https:\/\/grenzenzeigen.de\/ez\/kinder-haben-rechte\/deine-kinderrechte-im-ueberblick\/\"><span class=\"stk--svg-wrapper\"><div class=\"stk--inner-svg\"><svg xmlns=\"http:\/\/www.w3.org\/2000\/svg\" aria-hidden=\"true\" focusable=\"false\" data-prefix=\"fas\" data-icon=\"info\" class=\"svg-inline--fa fa-info fa-w-6\" viewbox=\"0 0 192 512\" width=\"32\" height=\"32\"><path fill=\"currentColor\" d=\"M20 424.229h20V279.771H20c-11.046 0-20-8.954-20-20V212c0-11.046 8.954-20 20-20h112c11.046 0 20 8.954 20 20v212.229h20c11.046 0 20 8.954 20 20V492c0 11.046-8.954 20-20 20H20c-11.046 0-20-8.954-20-20v-47.771c0-11.046 8.954-20 20-20zM96 0C56.235 0 24 32.235 24 72s32.235 72 72 72 72-32.235 72-72S135.764 0 96 0z\"><\/path><\/svg><\/div><\/span><span class=\"has-text-color stk-button__inner-text\">Deine Rechte im &Uuml;berblick<\/span><\/a><\/div>\n\n\n\n<div class=\"wp-block-stackable-button stk-block-button is-style-ghost stk-block stk-7b5602e\" data-block-id=\"7b5602e\"><style>.stk-7b5602e .stk-button{background:transparent !important}.stk-7b5602e .stk-button:hover:after{background:transparent !important;opacity:1 !important}:where(.stk-hover-parent:hover,.stk-hover-parent.stk--is-hovered) .stk-7b5602e .stk-button:after{background:transparent !important;opacity:1 !important}.stk-7b5602e .stk-button:before{border-style:solid !important;border-color:var(--accent) !important}.stk-7b5602e .stk-button .stk--inner-svg svg:last-child,.stk-7b5602e .stk-button .stk--inner-svg svg:last-child :is(g,path,rect,polygon,ellipse){fill:var(--accent) !important}.stk-7b5602e .stk-button__inner-text{color:var(--accent) !important}<\/style><a class=\"stk-link stk-button stk--hover-effect-darken\" href=\"https:\/\/grenzenzeigen.de\/ez\/kinder-haben-rechte\/\"><span class=\"stk--svg-wrapper\"><div class=\"stk--inner-svg\"><svg xmlns=\"http:\/\/www.w3.org\/2000\/svg\" aria-hidden=\"true\" focusable=\"false\" data-prefix=\"far\" data-icon=\"lightbulb\" class=\"svg-inline--fa fa-lightbulb fa-w-11\" viewbox=\"0 0 352 512\" width=\"32\" height=\"32\"><path fill=\"currentColor\" d=\"M176 80c-52.94 0-96 43.06-96 96 0 8.84 7.16 16 16 16s16-7.16 16-16c0-35.3 28.72-64 64-64 8.84 0 16-7.16 16-16s-7.16-16-16-16zM96.06 459.17c0 3.15.93 6.22 2.68 8.84l24.51 36.84c2.97 4.46 7.97 7.14 13.32 7.14h78.85c5.36 0 10.36-2.68 13.32-7.14l24.51-36.84c1.74-2.62 2.67-5.7 2.68-8.84l.05-43.18H96.02l.04 43.18zM176 0C73.72 0 0 82.97 0 176c0 44.37 16.45 84.85 43.56 115.78 16.64 18.99 42.74 58.8 52.42 92.16v.06h48v-.12c-.01-4.77-.72-9.51-2.15-14.07-5.59-17.81-22.82-64.77-62.17-109.67-20.54-23.43-31.52-53.15-31.61-84.14-.2-73.64 59.67-128 127.95-128 70.58 0 128 57.42 128 128 0 30.97-11.24 60.85-31.65 84.14-39.11 44.61-56.42 91.47-62.1 109.46a47.507 47.507 0 0 0-2.22 14.3v.1h48v-.05c9.68-33.37 35.78-73.18 52.42-92.16C335.55 260.85 352 220.37 352 176 352 78.8 273.2 0 176 0z\"><\/path><\/svg><\/div><\/span><span class=\"has-text-color stk-button__inner-text\">Was sind Kinderrechte?<\/span><\/a><\/div>\n<\/div><\/div>\n","protected":false},"excerpt":{"rendered":"<p>Im Rahmen der Kinderrechte Tage 2022 in Trier, haben wir Kinder gefragt: Was sind eigentlich Kinderrechte? Die Antworten k\u00f6nnt ihr in diesem Podcast h\u00f6ren. Quiz: Kennst du deine Rechte? Deine Rechte im \u00dcberblick Was sind Kinderrechte?<\/p>\n","protected":false},"author":2,"featured_media":0,"parent":2046,"menu_order":0,"comment_status":"closed","ping_status":"closed","template":"","meta":{"footnotes":""},"class_list":["post-2050","page","type-page","status-publish"],"featured_image_urls_v2":{"full":"","thumbnail":"","medium":"","medium_large":"","large":"","gs-tiny":"","xl":"","xxl":"","xxxl":"","xxxxl":"","xxxxxl":"","1536x1536":"","2048x2048":""},"post_excerpt_stackable_v2":"<p>Im Rahmen der Kinderrechte Tage 2022 in Trier, haben wir Kinder gefragt: Was sind eigentlich Kinderrechte? Die Antworten k&ouml;nnt ihr in diesem Podcast h&ouml;ren. Quiz: Kennst du deine Rechte? Deine Rechte im &Uuml;berblick Was sind Kinderrechte?<\/p>\n","category_list_v2":"","author_info_v2":{"name":"Eva R\u00f6mheld","url":"#"},"comments_num_v2":"0 comments","jetpack_sharing_enabled":true,"_links":{"self":[{"href":"https:\/\/grenzenzeigen.de\/ez\/wp-json\/wp\/v2\/pages\/2050","targetHints":{"allow":["GET"]}}],"collection":[{"href":"https:\/\/grenzenzeigen.de\/ez\/wp-json\/wp\/v2\/pages"}],"about":[{"href":"https:\/\/grenzenzeigen.de\/ez\/wp-json\/wp\/v2\/types\/page"}],"author":[{"embeddable":true,"href":"https:\/\/grenzenzeigen.de\/ez\/wp-json\/wp\/v2\/users\/2"}],"replies":[{"embeddable":true,"href":"https:\/\/grenzenzeigen.de\/ez\/wp-json\/wp\/v2\/comments?post=2050"}],"version-history":[{"count":1,"href":"https:\/\/grenzenzeigen.de\/ez\/wp-json\/wp\/v2\/pages\/2050\/revisions"}],"predecessor-version":[{"id":2051,"href":"https:\/\/grenzenzeigen.de\/ez\/wp-json\/wp\/v2\/pages\/2050\/revisions\/2051"}],"up":[{"embeddable":true,"href":"https:\/\/grenzenzeigen.de\/ez\/wp-json\/wp\/v2\/pages\/2046"}],"wp:attachment":[{"href":"https:\/\/grenzenzeigen.de\/ez\/wp-json\/wp\/v2\/media?parent=2050"}],"curies":[{"name":"wp","href":"https:\/\/api.w.org\/{rel}","templated":true}]}}