{"id":2185,"date":"2022-02-01T11:57:31","date_gmt":"2022-02-01T11:57:31","guid":{"rendered":"https:\/\/grenzenzeigen.de\/material-und-informationen-fuer-eltern-und-lehrer\/"},"modified":"2023-03-21T09:53:15","modified_gmt":"2023-03-21T09:53:15","slug":"material-und-informationen-fuer-eltern-und-lehrer","status":"publish","type":"page","link":"https:\/\/grenzenzeigen.de\/ez\/material-und-informationen-fuer-eltern-und-lehrer\/","title":{"rendered":"Material und Informationen f\u00fcr Eltern und Lehrer"},"content":{"rendered":"\n<div class=\"wp-block-columns is-layout-flex wp-container-core-columns-is-layout-9d6595d7 wp-block-columns-is-layout-flex\">\n<div class=\"wp-block-column is-layout-flow wp-block-column-is-layout-flow\">\n<div class=\"wp-block-stackable-image stk-block-image stk-block stk-f7f01e0\" data-block-id=\"f7f01e0\"><a class=\"stk-link stk-img-wrapper stk-image--shape-stretch\" href=\"https:\/\/grenzenzeigen.de\/arbeitsmaterial-zum-thema-praevention\/\"><img decoding=\"async\" class=\"stk-img wp-image-2151 lazyload\" data-src=\"https:\/\/grenzenzeigen.de\/wp-content\/uploads\/2023\/03\/grenzenzeiten-unterrichtstipps.jpg\" width=\"1080\" height=\"1080\" data-srcset=\"https:\/\/grenzenzeigen.de\/wp-content\/uploads\/2023\/03\/grenzenzeiten-unterrichtstipps.jpg 1080w, https:\/\/grenzenzeigen.de\/wp-content\/uploads\/2023\/03\/grenzenzeiten-unterrichtstipps-300x300.jpg 300w, https:\/\/grenzenzeigen.de\/wp-content\/uploads\/2023\/03\/grenzenzeiten-unterrichtstipps-1024x1024.jpg 1024w, https:\/\/grenzenzeigen.de\/wp-content\/uploads\/2023\/03\/grenzenzeiten-unterrichtstipps-70x70.jpg 70w, https:\/\/grenzenzeigen.de\/wp-content\/uploads\/2023\/03\/grenzenzeiten-unterrichtstipps-768x768.jpg 768w, https:\/\/grenzenzeigen.de\/wp-content\/uploads\/2023\/03\/grenzenzeiten-unterrichtstipps-600x600.jpg 600w\" data-sizes=\"(max-width: 1080px) 100vw, 1080px\" src=\"data:image\/svg+xml;base64,PHN2ZyB3aWR0aD0iMSIgaGVpZ2h0PSIxIiB4bWxucz0iaHR0cDovL3d3dy53My5vcmcvMjAwMC9zdmciPjwvc3ZnPg==\" style=\"--smush-placeholder-width: 1080px; --smush-placeholder-aspect-ratio: 1080\/1080;\"><\/a><\/div>\n\n\n\n<div class=\"wp-block-stackable-button-group stk-block-button-group stk-block stk-92657e7\" data-block-id=\"92657e7\"><div class=\"stk-row stk-inner-blocks stk-block-content stk-button-group\">\n<div class=\"wp-block-stackable-button stk-block-button is-style-ghost stk-block stk-9277aa2\" data-block-id=\"9277aa2\"><style>.stk-9277aa2,.stk-9277aa2 .stk-button{width:100% !important}.stk-9277aa2{flex:1 1 0 !important}.stk-9277aa2 .stk-button{background:transparent !important}.stk-9277aa2 .stk-button:hover:after{background:transparent !important;opacity:1 !important}:where(.stk-hover-parent:hover,.stk-hover-parent.stk--is-hovered) .stk-9277aa2 .stk-button:after{background:transparent !important;opacity:1 !important}.stk-9277aa2 .stk-button:before{border-style:solid !important;border-color:var(--accent) !important}.stk-9277aa2 .stk-button .stk--inner-svg svg:last-child,.stk-9277aa2 .stk-button .stk--inner-svg svg:last-child :is(g,path,rect,polygon,ellipse){fill:var(--accent) !important}.stk-9277aa2 .stk-button__inner-text{color:var(--accent) !important}<\/style><a class=\"stk-link stk-button stk--hover-effect-darken\" href=\"https:\/\/grenzenzeigen.de\/arbeitsmaterial-zum-thema-praevention\/arbeitsmaterial-zum-thema-praevention-fuer-kindergartenkinder\/\"><span class=\"has-text-color stk-button__inner-text\">Material f&uuml;r den Kindergarten<\/span><\/a><\/div>\n<\/div><\/div>\n\n\n\n<div class=\"wp-block-stackable-button-group stk-block-button-group stk-block stk-3b3f683\" data-block-id=\"3b3f683\"><div class=\"stk-row stk-inner-blocks stk-block-content stk-button-group\">\n<div class=\"wp-block-stackable-button stk-block-button is-style-ghost stk-block stk-16a2872\" data-block-id=\"16a2872\"><style>.stk-16a2872,.stk-16a2872 .stk-button{width:100% !important}.stk-16a2872{flex:1 1 0 !important}.stk-16a2872 .stk-button{background:transparent !important}.stk-16a2872 .stk-button:hover:after{background:transparent !important;opacity:1 !important}:where(.stk-hover-parent:hover,.stk-hover-parent.stk--is-hovered) .stk-16a2872 .stk-button:after{background:transparent !important;opacity:1 !important}.stk-16a2872 .stk-button:before{border-style:solid !important;border-color:var(--accent) !important}.stk-16a2872 .stk-button .stk--inner-svg svg:last-child,.stk-16a2872 .stk-button .stk--inner-svg svg:last-child :is(g,path,rect,polygon,ellipse){fill:var(--accent) !important}.stk-16a2872 .stk-button__inner-text{color:var(--accent) !important}<\/style><a class=\"stk-link stk-button stk--hover-effect-darken\" href=\"https:\/\/grenzenzeigen.de\/arbeitsmaterial-zum-thema-praevention\/arbeitsmaterial-zum-thema-praevention-fuer-grundschulkinder\/\"><span class=\"has-text-color stk-button__inner-text\">Material f&uuml;r die Grundschule<\/span><\/a><\/div>\n<\/div><\/div>\n\n\n\n<div class=\"wp-block-stackable-button-group stk-block-button-group stk-block stk-e412874\" data-block-id=\"e412874\"><div class=\"stk-row stk-inner-blocks stk-block-content stk-button-group\">\n<div class=\"wp-block-stackable-button stk-block-button is-style-ghost stk-block stk-f7a7328\" data-block-id=\"f7a7328\"><style>.stk-f7a7328,.stk-f7a7328 .stk-button{width:100% !important}.stk-f7a7328{flex:1 1 0 !important}.stk-f7a7328 .stk-button{background:transparent !important}.stk-f7a7328 .stk-button:hover:after{background:transparent !important;opacity:1 !important}:where(.stk-hover-parent:hover,.stk-hover-parent.stk--is-hovered) .stk-f7a7328 .stk-button:after{background:transparent !important;opacity:1 !important}.stk-f7a7328 .stk-button:before{border-style:solid !important;border-color:var(--accent) !important}.stk-f7a7328 .stk-button .stk--inner-svg svg:last-child,.stk-f7a7328 .stk-button .stk--inner-svg svg:last-child :is(g,path,rect,polygon,ellipse){fill:var(--accent) !important}.stk-f7a7328 .stk-button__inner-text{color:var(--accent) !important}<\/style><a class=\"stk-link stk-button stk--hover-effect-darken\" href=\"https:\/\/grenzenzeigen.de\/arbeitsmaterial-zum-thema-praevention\/arbeitsmaterial-zum-thema-praevention-fuer-die-weiterfuehrende-schule\/\"><span class=\"has-text-color stk-button__inner-text\">Material f&uuml;r Unter- und Mittelstufe<\/span><\/a><\/div>\n<\/div><\/div>\n\n\n\n<div class=\"wp-block-stackable-button-group stk-block-button-group stk-block stk-d002155\" data-block-id=\"d002155\"><div class=\"stk-row stk-inner-blocks stk-block-content stk-button-group\">\n<div class=\"wp-block-stackable-button stk-block-button is-style-ghost stk-block stk-19f916e\" data-block-id=\"19f916e\"><style>.stk-19f916e,.stk-19f916e .stk-button{width:100% !important}.stk-19f916e{flex:1 1 0 !important}.stk-19f916e .stk-button{background:transparent !important}.stk-19f916e .stk-button:hover:after{background:transparent !important;opacity:1 !important}:where(.stk-hover-parent:hover,.stk-hover-parent.stk--is-hovered) .stk-19f916e .stk-button:after{background:transparent !important;opacity:1 !important}.stk-19f916e .stk-button:before{border-style:solid !important;border-color:var(--accent) !important}.stk-19f916e .stk-button .stk--inner-svg svg:last-child,.stk-19f916e .stk-button .stk--inner-svg svg:last-child :is(g,path,rect,polygon,ellipse){fill:var(--accent) !important}.stk-19f916e .stk-button__inner-text{color:var(--accent) !important}<\/style><a class=\"stk-link stk-button stk--hover-effect-darken\" href=\"https:\/\/grenzenzeigen.de\/arbeitsmaterial-zum-thema-praevention\/arbeitsmaterial-zum-thema-praevention-fuer-die-mittel-und-oberstufe\/\"><span class=\"has-text-color stk-button__inner-text\">Material f&uuml;r Mittel- und Oberstufe<\/span><\/a><\/div>\n<\/div><\/div>\n<\/div>\n\n\n\n<div class=\"wp-block-column is-layout-flow wp-block-column-is-layout-flow\">\n<div class=\"wp-block-stackable-image stk-block-image stk-block stk-db68e1f\" data-block-id=\"db68e1f\"><a class=\"stk-link stk-img-wrapper stk-image--shape-stretch\" href=\"https:\/\/grenzenzeigen.de\/ez\/material-und-informationen-fuer-eltern-und-lehrer\/\"><img decoding=\"async\" class=\"stk-img wp-image-2153 lazyload\" data-src=\"https:\/\/grenzenzeigen.de\/wp-content\/uploads\/2023\/03\/grenzenzeigen-arbeitsmaterial-download.jpg\" width=\"1080\" height=\"1080\" data-srcset=\"https:\/\/grenzenzeigen.de\/wp-content\/uploads\/2023\/03\/grenzenzeigen-arbeitsmaterial-download.jpg 1080w, https:\/\/grenzenzeigen.de\/wp-content\/uploads\/2023\/03\/grenzenzeigen-arbeitsmaterial-download-300x300.jpg 300w, https:\/\/grenzenzeigen.de\/wp-content\/uploads\/2023\/03\/grenzenzeigen-arbeitsmaterial-download-1024x1024.jpg 1024w, https:\/\/grenzenzeigen.de\/wp-content\/uploads\/2023\/03\/grenzenzeigen-arbeitsmaterial-download-70x70.jpg 70w, https:\/\/grenzenzeigen.de\/wp-content\/uploads\/2023\/03\/grenzenzeigen-arbeitsmaterial-download-768x768.jpg 768w, https:\/\/grenzenzeigen.de\/wp-content\/uploads\/2023\/03\/grenzenzeigen-arbeitsmaterial-download-600x600.jpg 600w\" data-sizes=\"(max-width: 1080px) 100vw, 1080px\" src=\"data:image\/svg+xml;base64,PHN2ZyB3aWR0aD0iMSIgaGVpZ2h0PSIxIiB4bWxucz0iaHR0cDovL3d3dy53My5vcmcvMjAwMC9zdmciPjwvc3ZnPg==\" style=\"--smush-placeholder-width: 1080px; --smush-placeholder-aspect-ratio: 1080\/1080;\"><\/a><\/div>\n\n\n\n<div class=\"wp-block-stackable-button-group stk-block-button-group stk-block stk-ba4f52b\" data-block-id=\"ba4f52b\"><div class=\"stk-row stk-inner-blocks stk-block-content stk-button-group\">\n<div class=\"wp-block-stackable-button stk-block-button is-style-ghost stk-block stk-678257f\" data-block-id=\"678257f\"><style>.stk-678257f,.stk-678257f .stk-button{width:100% !important}.stk-678257f{flex:1 1 0 !important}.stk-678257f .stk-button{background:transparent !important}.stk-678257f .stk-button:hover:after{background:transparent !important;opacity:1 !important}:where(.stk-hover-parent:hover,.stk-hover-parent.stk--is-hovered) .stk-678257f .stk-button:after{background:transparent !important;opacity:1 !important}.stk-678257f .stk-button:before{border-style:solid !important;border-color:var(--accent) !important}.stk-678257f .stk-button .stk--inner-svg svg:last-child,.stk-678257f .stk-button .stk--inner-svg svg:last-child :is(g,path,rect,polygon,ellipse){fill:var(--accent) !important}.stk-678257f .stk-button__inner-text{color:var(--accent) !important}<\/style><a class=\"stk-link stk-button stk--hover-effect-darken\" href=\"https:\/\/grenzenzeigen.de\/media\/#kinderrechte\"><span class=\"has-text-color stk-button__inner-text\">Plakat: Kinderrechte<\/span><\/a><\/div>\n<\/div><\/div>\n\n\n\n<div class=\"wp-block-stackable-button-group stk-block-button-group stk-block stk-ca444ae\" data-block-id=\"ca444ae\"><div class=\"stk-row stk-inner-blocks stk-block-content stk-button-group\">\n<div class=\"wp-block-stackable-button stk-block-button is-style-ghost stk-block stk-dccd79a\" data-block-id=\"dccd79a\"><style>.stk-dccd79a,.stk-dccd79a .stk-button{width:100% !important}.stk-dccd79a{flex:1 1 0 !important}.stk-dccd79a .stk-button{background:transparent !important}.stk-dccd79a .stk-button:hover:after{background:transparent !important;opacity:1 !important}:where(.stk-hover-parent:hover,.stk-hover-parent.stk--is-hovered) .stk-dccd79a .stk-button:after{background:transparent !important;opacity:1 !important}.stk-dccd79a .stk-button:before{border-style:solid !important;border-color:var(--accent) !important}.stk-dccd79a .stk-button .stk--inner-svg svg:last-child,.stk-dccd79a .stk-button .stk--inner-svg svg:last-child :is(g,path,rect,polygon,ellipse){fill:var(--accent) !important}.stk-dccd79a .stk-button__inner-text{color:var(--accent) !important}<\/style><a class=\"stk-link stk-button stk--hover-effect-darken\" href=\"https:\/\/grenzenzeigen.de\/media\/#wichtigepunkte\"><span class=\"has-text-color stk-button__inner-text\">Plakat: 6 wichtige Dinge<\/span><\/a><\/div>\n<\/div><\/div>\n\n\n\n<div class=\"wp-block-stackable-button-group stk-block-button-group stk-block stk-3a9bd2e\" data-block-id=\"3a9bd2e\"><div class=\"stk-row stk-inner-blocks stk-block-content stk-button-group\">\n<div class=\"wp-block-stackable-button stk-block-button is-style-ghost stk-block stk-7f148d8\" data-block-id=\"7f148d8\"><style>.stk-7f148d8,.stk-7f148d8 .stk-button{width:100% !important}.stk-7f148d8{flex:1 1 0 !important}.stk-7f148d8 .stk-button{background:transparent !important}.stk-7f148d8 .stk-button:hover:after{background:transparent !important;opacity:1 !important}:where(.stk-hover-parent:hover,.stk-hover-parent.stk--is-hovered) .stk-7f148d8 .stk-button:after{background:transparent !important;opacity:1 !important}.stk-7f148d8 .stk-button:before{border-style:solid !important;border-color:var(--accent) !important}.stk-7f148d8 .stk-button .stk--inner-svg svg:last-child,.stk-7f148d8 .stk-button .stk--inner-svg svg:last-child :is(g,path,rect,polygon,ellipse){fill:var(--accent) !important}.stk-7f148d8 .stk-button__inner-text{color:var(--accent) !important}<\/style><a class=\"stk-link stk-button stk--hover-effect-darken\" href=\"https:\/\/grenzenzeigen.de\/media\/#postkarten\"><span class=\"has-text-color stk-button__inner-text\">8 Kinderrechte als Postkarten<\/span><\/a><\/div>\n<\/div><\/div>\n<\/div>\n\n\n\n<div class=\"wp-block-column is-layout-flow wp-block-column-is-layout-flow\">\n<div class=\"wp-block-stackable-image stk-block-image stk-block stk-2402de9\" data-block-id=\"2402de9\"><a class=\"stk-link stk-img-wrapper stk-image--shape-stretch\" href=\"https:\/\/grenzenzeigen.de\/bestellformular\/\"><img decoding=\"async\" class=\"stk-img wp-image-2149 lazyload\" data-src=\"https:\/\/grenzenzeigen.de\/wp-content\/uploads\/2023\/03\/grenzenzeigen-arbeitsmaterial-bestellen.jpg\" width=\"1080\" height=\"1080\" data-srcset=\"https:\/\/grenzenzeigen.de\/wp-content\/uploads\/2023\/03\/grenzenzeigen-arbeitsmaterial-bestellen.jpg 1080w, https:\/\/grenzenzeigen.de\/wp-content\/uploads\/2023\/03\/grenzenzeigen-arbeitsmaterial-bestellen-300x300.jpg 300w, https:\/\/grenzenzeigen.de\/wp-content\/uploads\/2023\/03\/grenzenzeigen-arbeitsmaterial-bestellen-1024x1024.jpg 1024w, https:\/\/grenzenzeigen.de\/wp-content\/uploads\/2023\/03\/grenzenzeigen-arbeitsmaterial-bestellen-70x70.jpg 70w, https:\/\/grenzenzeigen.de\/wp-content\/uploads\/2023\/03\/grenzenzeigen-arbeitsmaterial-bestellen-768x768.jpg 768w, https:\/\/grenzenzeigen.de\/wp-content\/uploads\/2023\/03\/grenzenzeigen-arbeitsmaterial-bestellen-600x600.jpg 600w\" data-sizes=\"(max-width: 1080px) 100vw, 1080px\" src=\"data:image\/svg+xml;base64,PHN2ZyB3aWR0aD0iMSIgaGVpZ2h0PSIxIiB4bWxucz0iaHR0cDovL3d3dy53My5vcmcvMjAwMC9zdmciPjwvc3ZnPg==\" style=\"--smush-placeholder-width: 1080px; --smush-placeholder-aspect-ratio: 1080\/1080;\"><\/a><\/div>\n<\/div>\n<\/div>\n","protected":false},"excerpt":{"rendered":"<p>Material f\u00fcr den Kindergarten Material f\u00fcr die Grundschule Material f\u00fcr Unter- und Mittelstufe Material f\u00fcr Mittel- und Oberstufe Plakat: Kinderrechte Plakat: 6 wichtige Dinge 8 Kinderrechte als Postkarten<\/p>\n","protected":false},"author":1,"featured_media":0,"parent":0,"menu_order":0,"comment_status":"closed","ping_status":"closed","template":"","meta":{"footnotes":""},"class_list":["post-2185","page","type-page","status-publish"],"featured_image_urls_v2":{"full":"","thumbnail":"","medium":"","medium_large":"","large":"","gs-tiny":"","xl":"","xxl":"","xxxl":"","xxxxl":"","xxxxxl":"","1536x1536":"","2048x2048":""},"post_excerpt_stackable_v2":"<p>Material f&uuml;r den Kindergarten Material f&uuml;r die Grundschule Material f&uuml;r Unter- und Mittelstufe Material f&uuml;r Mittel- und Oberstufe Plakat: Kinderrechte Plakat: 6 wichtige Dinge 8 Kinderrechte als Postkarten<\/p>\n","category_list_v2":"","author_info_v2":{"name":"admin","url":"#"},"comments_num_v2":"0 comments","jetpack_sharing_enabled":true,"_links":{"self":[{"href":"https:\/\/grenzenzeigen.de\/ez\/wp-json\/wp\/v2\/pages\/2185","targetHints":{"allow":["GET"]}}],"collection":[{"href":"https:\/\/grenzenzeigen.de\/ez\/wp-json\/wp\/v2\/pages"}],"about":[{"href":"https:\/\/grenzenzeigen.de\/ez\/wp-json\/wp\/v2\/types\/page"}],"author":[{"embeddable":true,"href":"https:\/\/grenzenzeigen.de\/ez\/wp-json\/wp\/v2\/users\/1"}],"replies":[{"embeddable":true,"href":"https:\/\/grenzenzeigen.de\/ez\/wp-json\/wp\/v2\/comments?post=2185"}],"version-history":[{"count":1,"href":"https:\/\/grenzenzeigen.de\/ez\/wp-json\/wp\/v2\/pages\/2185\/revisions"}],"predecessor-version":[{"id":2186,"href":"https:\/\/grenzenzeigen.de\/ez\/wp-json\/wp\/v2\/pages\/2185\/revisions\/2186"}],"wp:attachment":[{"href":"https:\/\/grenzenzeigen.de\/ez\/wp-json\/wp\/v2\/media?parent=2185"}],"curies":[{"name":"wp","href":"https:\/\/api.w.org\/{rel}","templated":true}]}}